{"id":113,"date":"2020-12-10T20:33:45","date_gmt":"2020-12-10T23:33:45","guid":{"rendered":"https:\/\/www.etr.antumapu.cl\/web\/?page_id=113"},"modified":"2021-01-28T00:19:13","modified_gmt":"2021-01-28T03:19:13","slug":"inicio","status":"publish","type":"page","link":"https:\/\/www.etr.antumapu.cl\/web\/","title":{"rendered":"Inicio"},"content":{"rendered":"<table style=\"height: 427px; width: 100%; border-collapse: collapse; border-style: none;\">\n<tbody>\n<tr style=\"height: 108px;\">\n<td style=\"width: 33.3333%; vertical-align: top; height: 108px; border-style: none;\">            <div class=\"oxi-addons-container noLightbox oxi-image-hover-wrapper-2 \" id=\"oxi-image-hover-wrapper-2\">\n                <div class=\"oxi-addons-row\">\n                    \n            <div class=\"oxi-image-hover-style oxi-bt-col-lg-12 oxi-bt-col-md-12 oxi-bt-col-sm-12                         \" >\n                <div class=\"oxi-image-hover-style-caption\">\n                    <div class=\"oxi-image-hover oxi-image-caption-hover oxi-image-caption-hover-style-1 oxi-image-blinds-horizontal\">\n\n                                                    <div class=\"oxi-image-hover-figure\">\n                                <div class=\"oxi-image-hover-image\">\n                                    <img decoding=\"async\" src=\"https:\/\/www.etr.antumapu.cl\/web\/wp-content\/uploads\/2020\/12\/proyecto-e1607647955822.jpg\" >\n                                <\/div>\n                                <div class=\"oxi-image-hover-figure-caption\">\n                                    <div class=\"oxi-image-hover-caption-tab image-hover-align-center-center\">\n                                                                                    <h3 class=\"oxi-image-hover-heading iheu-fade-up \">Proyecto<\/h3>\n                                                                                        \n                                            <div class=\"oxi-image-hover-button iheu-fade-up \">\n                                                <a  href=\"https:\/\/www.etr.antumapu.cl\/web\/proyecto\/\" class=\"oxi-image-btn\">Ver detalles<\/a>\n                                            <\/div>\n                                                                                <\/div>\n                                <\/div>\n                            <\/div>\n                                                <\/div>\n                <\/div>\n                            <\/div>\n                            <\/div>\n            <\/div>\n\t\t\t<\/td>\n<td style=\"width: 33.3333%; vertical-align: top; height: 108px; border-style: none;\">            <div class=\"oxi-addons-container noLightbox oxi-image-hover-wrapper-3 \" id=\"oxi-image-hover-wrapper-3\">\n                <div class=\"oxi-addons-row\">\n                    \n            <div class=\"oxi-image-hover-style oxi-bt-col-lg-12 oxi-bt-col-md-12 oxi-bt-col-sm-12                         \" >\n                <div class=\"oxi-image-hover-style-caption\">\n                    <div class=\"oxi-image-hover oxi-image-caption-hover oxi-image-caption-hover-style-1 oxi-image-blinds-horizontal\">\n\n                                                    <div class=\"oxi-image-hover-figure\">\n                                <div class=\"oxi-image-hover-image\">\n                                    <img decoding=\"async\" src=\"https:\/\/www.etr.antumapu.cl\/web\/wp-content\/uploads\/2020\/12\/landsat-e1607648001285.jpg\" >\n                                <\/div>\n                                <div class=\"oxi-image-hover-figure-caption\">\n                                    <div class=\"oxi-image-hover-caption-tab image-hover-align-center-center\">\n                                                                                    <h3 class=\"oxi-image-hover-heading iheu-fade-up \">Monitoreo<\/h3>\n                                                                                        \n                                            <div class=\"oxi-image-hover-button iheu-fade-up \">\n                                                <a  href=\"https:\/\/www.etr.antumapu.cl\/web\/monitoreo\/\" class=\"oxi-image-btn\">Ir a moniroreo<\/a>\n                                            <\/div>\n                                                                                <\/div>\n                                <\/div>\n                            <\/div>\n                                                <\/div>\n                <\/div>\n                            <\/div>\n                            <\/div>\n            <\/div>\n\t\t\t<\/td>\n<td style=\"width: 33.3333%; vertical-align: top; height: 108px; border-style: none;\">            <div class=\"oxi-addons-container noLightbox oxi-image-hover-wrapper-4 \" id=\"oxi-image-hover-wrapper-4\">\n                <div class=\"oxi-addons-row\">\n                    \n            <div class=\"oxi-image-hover-style oxi-bt-col-lg-12 oxi-bt-col-md-12 oxi-bt-col-sm-12                         \" >\n                <div class=\"oxi-image-hover-style-caption\">\n                    <div class=\"oxi-image-hover oxi-image-caption-hover oxi-image-caption-hover-style-1 oxi-image-blinds-horizontal\">\n\n                                                    <div class=\"oxi-image-hover-figure\">\n                                <div class=\"oxi-image-hover-image\">\n                                    <img decoding=\"async\" src=\"https:\/\/www.etr.antumapu.cl\/web\/wp-content\/uploads\/2020\/12\/solicitudes-scaled-e1607647977269.jpg\" >\n                                <\/div>\n                                <div class=\"oxi-image-hover-figure-caption\">\n                                    <div class=\"oxi-image-hover-caption-tab image-hover-align-center-center\">\n                                                                                    <h3 class=\"oxi-image-hover-heading iheu-fade-up \">Solicitudes<\/h3>\n                                                                                        \n                                            <div class=\"oxi-image-hover-button iheu-fade-up \">\n                                                <a  href=\"https:\/\/www.etr.antumapu.cl\/web\/solicitudes\/\" class=\"oxi-image-btn\">Ver detalles<\/a>\n                                            <\/div>\n                                                                                <\/div>\n                                <\/div>\n                            <\/div>\n                                                <\/div>\n                <\/div>\n                            <\/div>\n                            <\/div>\n            <\/div>\n\t\t\t<\/td>\n<\/tr>\n<tr style=\"height: 319px;\">\n<td style=\"width: 33.3333%; vertical-align: top; border-style: none; height: 319px;\">\n<h2 style=\"text-align: center;\">Proyecto<\/h2>\n<p style=\"text-align: center;\">Esta plataforma es uno de los resultados del proyecto \u201cSistema de transferencia de modelo de evapotranspiraci\u00f3n real de cultivos para la gesti\u00f3n sustentable del agua\u201d, que busca proporcionar informaci\u00f3n para la gesti\u00f3n estrat\u00e9gica en situaciones de escasez h\u00eddrica.<\/p>\n<\/td>\n<td style=\"width: 33.3333%; vertical-align: top; border-style: none; height: 319px;\">\n<h2 style=\"text-align: center;\">Monitoreo ETR<\/h2>\n<p style=\"text-align: center;\">En esta secci\u00f3n de la plataforma es posible consultar la ETR acumulada en los \u00faltimos 8 d\u00edas para distintas \u00e1reas de inter\u00e9s, de manera interactiva.<\/p>\n<\/td>\n<td style=\"width: 33.3333%; vertical-align: top; border-style: none; height: 319px;\">\n<h2 style=\"text-align: center;\">Sumarse al proyecto<\/h2>\n<p style=\"text-align: center;\">La plataforma permite agregar nuevas \u00e1reas de estudio, tanto para consulta interactiva como proporcionando datos descargables. Si hay un \u00e1rea de su inter\u00e9s que no est\u00e1 disponible actualmente, aqu\u00ed se explica como solicitar que se agregue.<\/p>\n<\/td>\n<\/tr>\n<\/tbody>\n<\/table>\n<p>&nbsp;<\/p>\n<p>&nbsp;<\/p>\n","protected":false},"excerpt":{"rendered":"<p>Proyecto Esta plataforma es uno de los resultados del proyecto \u201cSistema de transferencia de modelo de evapotranspiraci\u00f3n real de cultivos para la gesti\u00f3n sustentable del agua\u201d, que busca proporcionar informaci\u00f3n para la gesti\u00f3n estrat\u00e9gica en situaciones de escasez h\u00eddrica. Monitoreo ETR En esta secci\u00f3n de<\/p>\n<p class=\"entry-excerpt-more\"><a class=\"read-more\" href=\"https:\/\/www.etr.antumapu.cl\/web\/\">Read More <i class=\"fa fa-long-arrow-right\"><\/i><\/a><\/p>\n","protected":false},"author":1,"featured_media":0,"parent":0,"menu_order":0,"comment_status":"closed","ping_status":"closed","template":"","meta":{"footnotes":""},"class_list":["post-113","page","type-page","status-publish","hentry"],"yoast_head":"<!-- This site is optimized with the Yoast SEO plugin v27.4 - https:\/\/yoast.com\/product\/yoast-seo-wordpress\/ -->\n<title>Inicio -<\/title>\n<meta name=\"robots\" content=\"index, follow, max-snippet:-1, max-image-preview:large, max-video-preview:-1\" \/>\n<link rel=\"canonical\" href=\"https:\/\/www.etr.antumapu.cl\/web\/\" \/>\n<meta property=\"og:locale\" content=\"es_ES\" \/>\n<meta property=\"og:type\" content=\"article\" \/>\n<meta property=\"og:title\" content=\"Inicio -\" \/>\n<meta property=\"og:description\" content=\"Proyecto Esta plataforma es uno de los resultados del proyecto \u201cSistema de transferencia de modelo de evapotranspiraci\u00f3n real de cultivos para la gesti\u00f3n sustentable del agua\u201d, que busca proporcionar informaci\u00f3n para la gesti\u00f3n estrat\u00e9gica en situaciones de escasez h\u00eddrica. Monitoreo ETR En esta secci\u00f3n deRead More\" \/>\n<meta property=\"og:url\" content=\"https:\/\/www.etr.antumapu.cl\/web\/\" \/>\n<meta property=\"article:modified_time\" content=\"2021-01-28T03:19:13+00:00\" \/>\n<meta name=\"twitter:card\" content=\"summary_large_image\" \/>\n<meta name=\"twitter:label1\" content=\"Tiempo de lectura\" \/>\n\t<meta name=\"twitter:data1\" content=\"1 minuto\" \/>\n<script type=\"application\/ld+json\" class=\"yoast-schema-graph\">{\"@context\":\"https:\\\/\\\/schema.org\",\"@graph\":[{\"@type\":\"WebPage\",\"@id\":\"https:\\\/\\\/www.etr.antumapu.cl\\\/web\\\/\",\"url\":\"https:\\\/\\\/www.etr.antumapu.cl\\\/web\\\/\",\"name\":\"Inicio -\",\"isPartOf\":{\"@id\":\"https:\\\/\\\/www.etr.antumapu.cl\\\/web\\\/#website\"},\"datePublished\":\"2020-12-10T23:33:45+00:00\",\"dateModified\":\"2021-01-28T03:19:13+00:00\",\"breadcrumb\":{\"@id\":\"https:\\\/\\\/www.etr.antumapu.cl\\\/web\\\/#breadcrumb\"},\"inLanguage\":\"es\",\"potentialAction\":[{\"@type\":\"ReadAction\",\"target\":[\"https:\\\/\\\/www.etr.antumapu.cl\\\/web\\\/\"]}]},{\"@type\":\"BreadcrumbList\",\"@id\":\"https:\\\/\\\/www.etr.antumapu.cl\\\/web\\\/#breadcrumb\",\"itemListElement\":[{\"@type\":\"ListItem\",\"position\":1,\"name\":\"Portada\",\"item\":\"https:\\\/\\\/www.etr.antumapu.cl\\\/web\\\/\"},{\"@type\":\"ListItem\",\"position\":2,\"name\":\"Inicio\"}]},{\"@type\":\"WebSite\",\"@id\":\"https:\\\/\\\/www.etr.antumapu.cl\\\/web\\\/#website\",\"url\":\"https:\\\/\\\/www.etr.antumapu.cl\\\/web\\\/\",\"name\":\"\",\"description\":\"\",\"potentialAction\":[{\"@type\":\"SearchAction\",\"target\":{\"@type\":\"EntryPoint\",\"urlTemplate\":\"https:\\\/\\\/www.etr.antumapu.cl\\\/web\\\/?s={search_term_string}\"},\"query-input\":{\"@type\":\"PropertyValueSpecification\",\"valueRequired\":true,\"valueName\":\"search_term_string\"}}],\"inLanguage\":\"es\"}]}<\/script>\n<!-- \/ Yoast SEO plugin. -->","yoast_head_json":{"title":"Inicio -","robots":{"index":"index","follow":"follow","max-snippet":"max-snippet:-1","max-image-preview":"max-image-preview:large","max-video-preview":"max-video-preview:-1"},"canonical":"https:\/\/www.etr.antumapu.cl\/web\/","og_locale":"es_ES","og_type":"article","og_title":"Inicio -","og_description":"Proyecto Esta plataforma es uno de los resultados del proyecto \u201cSistema de transferencia de modelo de evapotranspiraci\u00f3n real de cultivos para la gesti\u00f3n sustentable del agua\u201d, que busca proporcionar informaci\u00f3n para la gesti\u00f3n estrat\u00e9gica en situaciones de escasez h\u00eddrica. Monitoreo ETR En esta secci\u00f3n deRead More","og_url":"https:\/\/www.etr.antumapu.cl\/web\/","article_modified_time":"2021-01-28T03:19:13+00:00","twitter_card":"summary_large_image","twitter_misc":{"Tiempo de lectura":"1 minuto"},"schema":{"@context":"https:\/\/schema.org","@graph":[{"@type":"WebPage","@id":"https:\/\/www.etr.antumapu.cl\/web\/","url":"https:\/\/www.etr.antumapu.cl\/web\/","name":"Inicio -","isPartOf":{"@id":"https:\/\/www.etr.antumapu.cl\/web\/#website"},"datePublished":"2020-12-10T23:33:45+00:00","dateModified":"2021-01-28T03:19:13+00:00","breadcrumb":{"@id":"https:\/\/www.etr.antumapu.cl\/web\/#breadcrumb"},"inLanguage":"es","potentialAction":[{"@type":"ReadAction","target":["https:\/\/www.etr.antumapu.cl\/web\/"]}]},{"@type":"BreadcrumbList","@id":"https:\/\/www.etr.antumapu.cl\/web\/#breadcrumb","itemListElement":[{"@type":"ListItem","position":1,"name":"Portada","item":"https:\/\/www.etr.antumapu.cl\/web\/"},{"@type":"ListItem","position":2,"name":"Inicio"}]},{"@type":"WebSite","@id":"https:\/\/www.etr.antumapu.cl\/web\/#website","url":"https:\/\/www.etr.antumapu.cl\/web\/","name":"","description":"","potentialAction":[{"@type":"SearchAction","target":{"@type":"EntryPoint","urlTemplate":"https:\/\/www.etr.antumapu.cl\/web\/?s={search_term_string}"},"query-input":{"@type":"PropertyValueSpecification","valueRequired":true,"valueName":"search_term_string"}}],"inLanguage":"es"}]}},"_links":{"self":[{"href":"https:\/\/www.etr.antumapu.cl\/web\/wp-json\/wp\/v2\/pages\/113","targetHints":{"allow":["GET"]}}],"collection":[{"href":"https:\/\/www.etr.antumapu.cl\/web\/wp-json\/wp\/v2\/pages"}],"about":[{"href":"https:\/\/www.etr.antumapu.cl\/web\/wp-json\/wp\/v2\/types\/page"}],"author":[{"embeddable":true,"href":"https:\/\/www.etr.antumapu.cl\/web\/wp-json\/wp\/v2\/users\/1"}],"replies":[{"embeddable":true,"href":"https:\/\/www.etr.antumapu.cl\/web\/wp-json\/wp\/v2\/comments?post=113"}],"version-history":[{"count":40,"href":"https:\/\/www.etr.antumapu.cl\/web\/wp-json\/wp\/v2\/pages\/113\/revisions"}],"predecessor-version":[{"id":271,"href":"https:\/\/www.etr.antumapu.cl\/web\/wp-json\/wp\/v2\/pages\/113\/revisions\/271"}],"wp:attachment":[{"href":"https:\/\/www.etr.antumapu.cl\/web\/wp-json\/wp\/v2\/media?parent=113"}],"curies":[{"name":"wp","href":"https:\/\/api.w.org\/{rel}","templated":true}]}}