{"id":110,"date":"2020-12-10T20:31:50","date_gmt":"2020-12-10T23:31:50","guid":{"rendered":"https:\/\/www.etr.antumapu.cl\/web\/?page_id=110"},"modified":"2021-01-27T23:20:46","modified_gmt":"2021-01-28T02:20:46","slug":"proyecto","status":"publish","type":"page","link":"https:\/\/www.etr.antumapu.cl\/web\/proyecto\/","title":{"rendered":"Proyecto"},"content":{"rendered":"<h2>Descripci\u00f3n del proyecto<\/h2>\n<p>El Proyecto \u201cSistema de transferencia de modelo de evapotranspiraci\u00f3n real de cultivos para la gesti\u00f3n sustentable del agua\u201d surge en respuesta a la dificultad que enfrentan las instituciones p\u00fablicas y sobre todo las OUA para contar con la informaci\u00f3n necesaria para hacer frente al desaf\u00edo que impone el fen\u00f3meno de la escasez h\u00eddrica, en particular llegar a establecer los consumos de agua reales por parte de la agricultura en forma din\u00e1mica y recogiendo la variabilidad espacial y temporal que caracteriza a esta variable a nivel de cuenca.<\/p>\n<p>Este proyecto desarroll\u00f3 una Plataforma Inform\u00e1tica que permite automatizar la generaci\u00f3n de informaci\u00f3n &#8211; y dar f\u00e1cil acceso a \u00e9sta &#8211; respecto del consumo real de agua (estimada con la evapotranspiraci\u00f3n real de cultivos o ETr ) de los cultivos a nivel de la cuenca del r\u00edo Copiap\u00f3 a una resoluci\u00f3n espacial de 100 x 100 m cada 8 d\u00edas. Esta plataforma inform\u00e1tica tiene dentro de sus funcionalidades principales el de dar servicio a sistemas de apoyo a la toma de decisiones en la gesti\u00f3n h\u00eddrica con alcance territorial que existen actualmente y a otros que se desarrollen a futuro.<\/p>\n<h2>Objetivo del proyecto<\/h2>\n<p>El objetivo general del proyecto correspondi\u00f3 al desarrollo de una Plataforma Inform\u00e1tica independiente para la transferencia de un modelo de evapotranspiraci\u00f3n real (ETr) y que sea utilizable para abordar el problema de la dificultad de contar con informaci\u00f3n necesaria para afrontar la escasez de recursos h\u00eddricos.<\/p>\n<h2>Hip\u00f3tesis<\/h2>\n<p>La transferencia de la tecnolog\u00eda, que permite el monitoreo integrado de la ETr mediante la asimilaci\u00f3n de datos in-situ y satelitales, en un sistema inform\u00e1tico con capacidad de inter-operar con otros sistemas de apoyo a la toma de decisiones, permite a una Organizaci\u00f3n de Usuarios de Agua mejorar su capacidad para estimar y monitorear el uso real de agua de cultivos de sus usuarios a una escala espacial de 100 x 100 m cada 8 d\u00edas.<\/p>\n","protected":false},"excerpt":{"rendered":"<p>Descripci\u00f3n del proyecto El Proyecto \u201cSistema de transferencia de modelo de evapotranspiraci\u00f3n real de cultivos para la gesti\u00f3n sustentable del agua\u201d surge en respuesta a la dificultad que enfrentan las instituciones p\u00fablicas y sobre todo las OUA para contar con la informaci\u00f3n necesaria para hacer<\/p>\n<p class=\"entry-excerpt-more\"><a class=\"read-more\" href=\"https:\/\/www.etr.antumapu.cl\/web\/proyecto\/\">Read More <i class=\"fa fa-long-arrow-right\"><\/i><\/a><\/p>\n","protected":false},"author":1,"featured_media":123,"parent":0,"menu_order":0,"comment_status":"closed","ping_status":"closed","template":"","meta":{"footnotes":""},"class_list":["post-110","page","type-page","status-publish","has-post-thumbnail","hentry"],"yoast_head":"<!-- This site is optimized with the Yoast SEO plugin v27.4 - https:\/\/yoast.com\/product\/yoast-seo-wordpress\/ -->\n<title>Proyecto -<\/title>\n<meta name=\"robots\" content=\"index, follow, max-snippet:-1, max-image-preview:large, max-video-preview:-1\" \/>\n<link rel=\"canonical\" href=\"https:\/\/www.etr.antumapu.cl\/web\/proyecto\/\" \/>\n<meta property=\"og:locale\" content=\"es_ES\" \/>\n<meta property=\"og:type\" content=\"article\" \/>\n<meta property=\"og:title\" content=\"Proyecto -\" \/>\n<meta property=\"og:description\" content=\"Descripci\u00f3n del proyecto El Proyecto \u201cSistema de transferencia de modelo de evapotranspiraci\u00f3n real de cultivos para la gesti\u00f3n sustentable del agua\u201d surge en respuesta a la dificultad que enfrentan las instituciones p\u00fablicas y sobre todo las OUA para contar con la informaci\u00f3n necesaria para hacerRead More\" \/>\n<meta property=\"og:url\" content=\"https:\/\/www.etr.antumapu.cl\/web\/proyecto\/\" \/>\n<meta property=\"article:modified_time\" content=\"2021-01-28T02:20:46+00:00\" \/>\n<meta property=\"og:image\" content=\"https:\/\/www.etr.antumapu.cl\/web\/wp-content\/uploads\/2020\/12\/proyecto-e1607647955822.jpg\" \/>\n\t<meta property=\"og:image:width\" content=\"2048\" \/>\n\t<meta property=\"og:image:height\" content=\"855\" \/>\n\t<meta property=\"og:image:type\" content=\"image\/jpeg\" \/>\n<meta name=\"twitter:card\" content=\"summary_large_image\" \/>\n<meta name=\"twitter:label1\" content=\"Tiempo de lectura\" \/>\n\t<meta name=\"twitter:data1\" content=\"2 minutos\" \/>\n<script type=\"application\/ld+json\" class=\"yoast-schema-graph\">{\"@context\":\"https:\\\/\\\/schema.org\",\"@graph\":[{\"@type\":\"WebPage\",\"@id\":\"https:\\\/\\\/www.etr.antumapu.cl\\\/web\\\/proyecto\\\/\",\"url\":\"https:\\\/\\\/www.etr.antumapu.cl\\\/web\\\/proyecto\\\/\",\"name\":\"Proyecto -\",\"isPartOf\":{\"@id\":\"https:\\\/\\\/www.etr.antumapu.cl\\\/web\\\/#website\"},\"primaryImageOfPage\":{\"@id\":\"https:\\\/\\\/www.etr.antumapu.cl\\\/web\\\/proyecto\\\/#primaryimage\"},\"image\":{\"@id\":\"https:\\\/\\\/www.etr.antumapu.cl\\\/web\\\/proyecto\\\/#primaryimage\"},\"thumbnailUrl\":\"https:\\\/\\\/www.etr.antumapu.cl\\\/web\\\/wp-content\\\/uploads\\\/2020\\\/12\\\/proyecto-e1607647955822.jpg\",\"datePublished\":\"2020-12-10T23:31:50+00:00\",\"dateModified\":\"2021-01-28T02:20:46+00:00\",\"breadcrumb\":{\"@id\":\"https:\\\/\\\/www.etr.antumapu.cl\\\/web\\\/proyecto\\\/#breadcrumb\"},\"inLanguage\":\"es\",\"potentialAction\":[{\"@type\":\"ReadAction\",\"target\":[\"https:\\\/\\\/www.etr.antumapu.cl\\\/web\\\/proyecto\\\/\"]}]},{\"@type\":\"ImageObject\",\"inLanguage\":\"es\",\"@id\":\"https:\\\/\\\/www.etr.antumapu.cl\\\/web\\\/proyecto\\\/#primaryimage\",\"url\":\"https:\\\/\\\/www.etr.antumapu.cl\\\/web\\\/wp-content\\\/uploads\\\/2020\\\/12\\\/proyecto-e1607647955822.jpg\",\"contentUrl\":\"https:\\\/\\\/www.etr.antumapu.cl\\\/web\\\/wp-content\\\/uploads\\\/2020\\\/12\\\/proyecto-e1607647955822.jpg\",\"width\":2048,\"height\":855},{\"@type\":\"BreadcrumbList\",\"@id\":\"https:\\\/\\\/www.etr.antumapu.cl\\\/web\\\/proyecto\\\/#breadcrumb\",\"itemListElement\":[{\"@type\":\"ListItem\",\"position\":1,\"name\":\"Portada\",\"item\":\"https:\\\/\\\/www.etr.antumapu.cl\\\/web\\\/\"},{\"@type\":\"ListItem\",\"position\":2,\"name\":\"Proyecto\"}]},{\"@type\":\"WebSite\",\"@id\":\"https:\\\/\\\/www.etr.antumapu.cl\\\/web\\\/#website\",\"url\":\"https:\\\/\\\/www.etr.antumapu.cl\\\/web\\\/\",\"name\":\"\",\"description\":\"\",\"potentialAction\":[{\"@type\":\"SearchAction\",\"target\":{\"@type\":\"EntryPoint\",\"urlTemplate\":\"https:\\\/\\\/www.etr.antumapu.cl\\\/web\\\/?s={search_term_string}\"},\"query-input\":{\"@type\":\"PropertyValueSpecification\",\"valueRequired\":true,\"valueName\":\"search_term_string\"}}],\"inLanguage\":\"es\"}]}<\/script>\n<!-- \/ Yoast SEO plugin. -->","yoast_head_json":{"title":"Proyecto -","robots":{"index":"index","follow":"follow","max-snippet":"max-snippet:-1","max-image-preview":"max-image-preview:large","max-video-preview":"max-video-preview:-1"},"canonical":"https:\/\/www.etr.antumapu.cl\/web\/proyecto\/","og_locale":"es_ES","og_type":"article","og_title":"Proyecto -","og_description":"Descripci\u00f3n del proyecto El Proyecto \u201cSistema de transferencia de modelo de evapotranspiraci\u00f3n real de cultivos para la gesti\u00f3n sustentable del agua\u201d surge en respuesta a la dificultad que enfrentan las instituciones p\u00fablicas y sobre todo las OUA para contar con la informaci\u00f3n necesaria para hacerRead More","og_url":"https:\/\/www.etr.antumapu.cl\/web\/proyecto\/","article_modified_time":"2021-01-28T02:20:46+00:00","og_image":[{"width":2048,"height":855,"url":"https:\/\/www.etr.antumapu.cl\/web\/wp-content\/uploads\/2020\/12\/proyecto-e1607647955822.jpg","type":"image\/jpeg"}],"twitter_card":"summary_large_image","twitter_misc":{"Tiempo de lectura":"2 minutos"},"schema":{"@context":"https:\/\/schema.org","@graph":[{"@type":"WebPage","@id":"https:\/\/www.etr.antumapu.cl\/web\/proyecto\/","url":"https:\/\/www.etr.antumapu.cl\/web\/proyecto\/","name":"Proyecto -","isPartOf":{"@id":"https:\/\/www.etr.antumapu.cl\/web\/#website"},"primaryImageOfPage":{"@id":"https:\/\/www.etr.antumapu.cl\/web\/proyecto\/#primaryimage"},"image":{"@id":"https:\/\/www.etr.antumapu.cl\/web\/proyecto\/#primaryimage"},"thumbnailUrl":"https:\/\/www.etr.antumapu.cl\/web\/wp-content\/uploads\/2020\/12\/proyecto-e1607647955822.jpg","datePublished":"2020-12-10T23:31:50+00:00","dateModified":"2021-01-28T02:20:46+00:00","breadcrumb":{"@id":"https:\/\/www.etr.antumapu.cl\/web\/proyecto\/#breadcrumb"},"inLanguage":"es","potentialAction":[{"@type":"ReadAction","target":["https:\/\/www.etr.antumapu.cl\/web\/proyecto\/"]}]},{"@type":"ImageObject","inLanguage":"es","@id":"https:\/\/www.etr.antumapu.cl\/web\/proyecto\/#primaryimage","url":"https:\/\/www.etr.antumapu.cl\/web\/wp-content\/uploads\/2020\/12\/proyecto-e1607647955822.jpg","contentUrl":"https:\/\/www.etr.antumapu.cl\/web\/wp-content\/uploads\/2020\/12\/proyecto-e1607647955822.jpg","width":2048,"height":855},{"@type":"BreadcrumbList","@id":"https:\/\/www.etr.antumapu.cl\/web\/proyecto\/#breadcrumb","itemListElement":[{"@type":"ListItem","position":1,"name":"Portada","item":"https:\/\/www.etr.antumapu.cl\/web\/"},{"@type":"ListItem","position":2,"name":"Proyecto"}]},{"@type":"WebSite","@id":"https:\/\/www.etr.antumapu.cl\/web\/#website","url":"https:\/\/www.etr.antumapu.cl\/web\/","name":"","description":"","potentialAction":[{"@type":"SearchAction","target":{"@type":"EntryPoint","urlTemplate":"https:\/\/www.etr.antumapu.cl\/web\/?s={search_term_string}"},"query-input":{"@type":"PropertyValueSpecification","valueRequired":true,"valueName":"search_term_string"}}],"inLanguage":"es"}]}},"_links":{"self":[{"href":"https:\/\/www.etr.antumapu.cl\/web\/wp-json\/wp\/v2\/pages\/110","targetHints":{"allow":["GET"]}}],"collection":[{"href":"https:\/\/www.etr.antumapu.cl\/web\/wp-json\/wp\/v2\/pages"}],"about":[{"href":"https:\/\/www.etr.antumapu.cl\/web\/wp-json\/wp\/v2\/types\/page"}],"author":[{"embeddable":true,"href":"https:\/\/www.etr.antumapu.cl\/web\/wp-json\/wp\/v2\/users\/1"}],"replies":[{"embeddable":true,"href":"https:\/\/www.etr.antumapu.cl\/web\/wp-json\/wp\/v2\/comments?post=110"}],"version-history":[{"count":3,"href":"https:\/\/www.etr.antumapu.cl\/web\/wp-json\/wp\/v2\/pages\/110\/revisions"}],"predecessor-version":[{"id":264,"href":"https:\/\/www.etr.antumapu.cl\/web\/wp-json\/wp\/v2\/pages\/110\/revisions\/264"}],"wp:featuredmedia":[{"embeddable":true,"href":"https:\/\/www.etr.antumapu.cl\/web\/wp-json\/wp\/v2\/media\/123"}],"wp:attachment":[{"href":"https:\/\/www.etr.antumapu.cl\/web\/wp-json\/wp\/v2\/media?parent=110"}],"curies":[{"name":"wp","href":"https:\/\/api.w.org\/{rel}","templated":true}]}}